{"id":29108,"date":"2026-02-27T09:56:30","date_gmt":"2026-02-27T09:56:30","guid":{"rendered":"https:\/\/salus-personal.com\/?page_id=29108"},"modified":"2026-02-27T10:01:31","modified_gmt":"2026-02-27T10:01:31","slug":"impressum","status":"publish","type":"page","link":"https:\/\/salus-personal.com\/?page_id=29108","title":{"rendered":"Impressum"},"content":{"rendered":"\t\t<div data-elementor-type=\"wp-page\" data-elementor-id=\"29108\" class=\"elementor elementor-29108\">\n\t\t\t\t<div class=\"wd-negative-gap elementor-element elementor-element-b69e8ed e-flex e-con-boxed e-con e-parent\" data-id=\"b69e8ed\" data-element_type=\"container\" data-e-type=\"container\">\n\t\t\t\t\t<div class=\"e-con-inner\">\n\t\t\t\t<div class=\"elementor-element elementor-element-26f1906 elementor-widget elementor-widget-wd_text_block\" data-id=\"26f1906\" data-element_type=\"widget\" data-e-type=\"widget\" data-widget_type=\"wd_text_block.default\">\n\t\t\t\t<div class=\"elementor-widget-container\">\n\t\t\t\t\t\t\t<div class=\"wd-text-block reset-last-child text-left\">\n\t\t\t\n\t\t\t<p data-start=\"858\" data-end=\"951\"><strong data-start=\"858\" data-end=\"891\">Salus Personalmanagement GmbH<\/strong><br data-start=\"891\" data-end=\"894\" \/>Herrgottwiesgasse 125<br data-start=\"915\" data-end=\"918\" \/>8020 Graz<br data-start=\"927\" data-end=\"930\" \/>\u00d6sterreich (Austrija)<\/p><p data-start=\"953\" data-end=\"1015\">Telefon: +43 676 425 70 77<br data-start=\"983\" data-end=\"986\" \/>Email: office@salus-personal.com<\/p><p data-start=\"953\" data-end=\"1015\"><strong data-start=\"1017\" data-end=\"1039\">Firmenbuchgericht:<\/strong><br data-start=\"1039\" data-end=\"1042\" \/>Landesgericht Graz<\/p><p data-start=\"953\" data-end=\"1015\"><strong data-start=\"1108\" data-end=\"1129\">Firmenbuchnummer:<\/strong> 637351g<\/p><p data-start=\"953\" data-end=\"1015\"><strong data-start=\"1207\" data-end=\"1227\">Gesch\u00e4ftsf\u00fchrer:<\/strong><br data-start=\"1227\" data-end=\"1230\" \/>Sanela Sarkic<\/p><p data-start=\"1250\" data-end=\"1279\"><strong data-start=\"1254\" data-end=\"1279\">O Willk\u00fcr und Haftung<\/strong><\/p><p data-start=\"1281\" data-end=\"1472\">Trotz sorgf\u00e4ltiger inhaltlicher Kontrolle \u00fcbernehmen wir keine Haftung f\u00fcr die Inhalte externer Links. F\u00fcr den Inhalt der verlinkten Seiten sind ausschlie\u00dflich deren Betreiber verantwortlich.<\/p><p data-start=\"1281\" data-end=\"1472\"><strong data-start=\"1483\" data-end=\"1499\">Urheberrecht<\/strong><\/p><p data-start=\"1501\" data-end=\"1654\">Alle Inhalte dieser Website sind urheberrechtlich gesch\u00fctzt. Jede Verwendung au\u00dferhalb der Grenzen des Urheberrechts bedarf der schriftlichen Zustimmung.<\/p>\n\t\t\t\t\t<\/div>\n\t\t\t\t\t\t<\/div>\n\t\t\t\t<\/div>\n\t\t\t\t\t<\/div>\n\t\t\t\t<\/div>\n\t\t\t\t<\/div>\n\t\t","protected":false},"excerpt":{"rendered":"<p>Salus Personalmanagement GmbHHerrgottwiesgasse 1258020 Graz\u00d6sterreich (Austrija) Telefon: +43 676 425 70 77Email: office@salus-personal.com Firmenbuchgericht:Landesgericht Graz Firmenbuchnummer: 637351g Gesch\u00e4ftsf\u00fchrer:Sanela Sarkic O<\/p>\n","protected":false},"author":1,"featured_media":0,"parent":0,"menu_order":0,"comment_status":"closed","ping_status":"closed","template":"elementor_header_footer","meta":{"footnotes":""},"class_list":["post-29108","page","type-page","status-publish","hentry"],"_links":{"self":[{"href":"https:\/\/salus-personal.com\/index.php?rest_route=\/wp\/v2\/pages\/29108","targetHints":{"allow":["GET"]}}],"collection":[{"href":"https:\/\/salus-personal.com\/index.php?rest_route=\/wp\/v2\/pages"}],"about":[{"href":"https:\/\/salus-personal.com\/index.php?rest_route=\/wp\/v2\/types\/page"}],"author":[{"embeddable":true,"href":"https:\/\/salus-personal.com\/index.php?rest_route=\/wp\/v2\/users\/1"}],"replies":[{"embeddable":true,"href":"https:\/\/salus-personal.com\/index.php?rest_route=%2Fwp%2Fv2%2Fcomments&post=29108"}],"version-history":[{"count":4,"href":"https:\/\/salus-personal.com\/index.php?rest_route=\/wp\/v2\/pages\/29108\/revisions"}],"predecessor-version":[{"id":29113,"href":"https:\/\/salus-personal.com\/index.php?rest_route=\/wp\/v2\/pages\/29108\/revisions\/29113"}],"wp:attachment":[{"href":"https:\/\/salus-personal.com\/index.php?rest_route=%2Fwp%2Fv2%2Fmedia&parent=29108"}],"curies":[{"name":"wp","href":"https:\/\/api.w.org\/{rel}","templated":true}]}}